{"id":667,"date":"2023-05-10T13:19:47","date_gmt":"2023-05-10T16:19:47","guid":{"rendered":"http:\/\/pagstream-site-sandbox.pagbrasil.docker\/?page_id=667"},"modified":"2023-07-25T19:45:09","modified_gmt":"2023-07-25T22:45:09","slug":"legal-information","status":"publish","type":"page","link":"https:\/\/www.pagstream.com\/en\/legal-information\/","title":{"rendered":"Legal Information"},"content":{"rendered":"<h1>Legal Information<\/h1>\n<h2>Legal:<\/h2>\n<p>PagBrasil Pagamentos Eletr\u00f4nicos Ltda. (hereinafter referred to as PagBrasil) owns the domain pagstream.com.<\/p>\n<h2>Address:<\/h2>\n<p>Av. Dr. Nilo Pe\u00e7anha, 1221 cj.902<br \/>\nPorto Alegre, RS, 91330-000, Brazil<br \/>\nTel. +55 51 3500-0718<\/p>\n<p>PagBrasil Pagamentos Eletr\u00f4nicos Ltda.<\/p>\n<p>Tax Identification Number: CNPJ 14.630.124\/0001-65<\/p>\n<h2>Trademark Information:<\/h2>\n<p>PagStream is a registered trademark of PagBrasil Pagamentos Eletr\u00f4nicos Ltda. in Brazil and other countries.<\/p>\n<h2>Liability \/ Disclaimer:<\/h2>\n<p>Although we endeavor to check all content with the greatest of care, we cannot accept any liability for the content of any external links. The operators of the linked sites are solely and exclusively responsible for the content of such sites.<\/p>\n","protected":false},"excerpt":{"rendered":"<p>Legal Information Legal: PagBrasil Pagamentos Eletr\u00f4nicos Ltda. (hereinafter referred to as PagBrasil) owns the domain pagstream.com. Address: Av. Dr. Nilo Pe\u00e7anha, 1221 cj.902 Porto Alegre, RS, 91330-000, Brazil Tel. +55 51 3500-0718 PagBrasil Pagamentos Eletr\u00f4nicos Ltda. Tax Identification Number: CNPJ 14.630.124\/0001-65 Trademark Information: PagStream is a registered trademark of PagBrasil Pagamentos Eletr\u00f4nicos Ltda. in Brazil [&hellip;]<\/p>\n","protected":false},"author":25,"featured_media":0,"parent":0,"menu_order":0,"comment_status":"closed","ping_status":"closed","template":"templates\/page-template-plain-text.php","meta":{"footnotes":""},"acf":[],"yoast_head":"<!-- This site is optimized with the Yoast SEO plugin v21.0 - https:\/\/yoast.com\/wordpress\/plugins\/seo\/ -->\n<title>Legal Information | PagStream<\/title>\n<meta name=\"robots\" content=\"index, follow, max-snippet:-1, max-image-preview:large, max-video-preview:-1\" \/>\n<link rel=\"canonical\" href=\"https:\/\/www.pagstream.com\/en\/legal-information\/\" \/>\n<meta property=\"og:locale\" content=\"en_US\" \/>\n<meta property=\"og:type\" content=\"article\" \/>\n<meta property=\"og:title\" content=\"Legal Information | PagStream\" \/>\n<meta property=\"og:description\" content=\"Legal Information Legal: PagBrasil Pagamentos Eletr\u00f4nicos Ltda. (hereinafter referred to as PagBrasil) owns the domain pagstream.com. Address: Av. Dr. Nilo Pe\u00e7anha, 1221 cj.902 Porto Alegre, RS, 91330-000, Brazil Tel. +55 51 3500-0718 PagBrasil Pagamentos Eletr\u00f4nicos Ltda. Tax Identification Number: CNPJ 14.630.124\/0001-65 Trademark Information: PagStream is a registered trademark of PagBrasil Pagamentos Eletr\u00f4nicos Ltda. in Brazil [&hellip;]\" \/>\n<meta property=\"og:url\" content=\"https:\/\/www.pagstream.com\/en\/legal-information\/\" \/>\n<meta property=\"og:site_name\" content=\"PagStream\" \/>\n<meta property=\"article:modified_time\" content=\"2023-07-25T22:45:09+00:00\" \/>\n<meta name=\"twitter:card\" content=\"summary_large_image\" \/>\n<meta name=\"twitter:label1\" content=\"Est. reading time\" \/>\n\t<meta name=\"twitter:data1\" content=\"1 minute\" \/>\n<script type=\"application\/ld+json\" class=\"yoast-schema-graph\">{\"@context\":\"https:\/\/schema.org\",\"@graph\":[{\"@type\":\"WebPage\",\"@id\":\"https:\/\/www.pagstream.com\/en\/legal-information\/\",\"url\":\"https:\/\/www.pagstream.com\/en\/legal-information\/\",\"name\":\"Legal Information | PagStream\",\"isPartOf\":{\"@id\":\"https:\/\/www.pagstream.com\/en\/#website\"},\"datePublished\":\"2023-05-10T16:19:47+00:00\",\"dateModified\":\"2023-07-25T22:45:09+00:00\",\"breadcrumb\":{\"@id\":\"https:\/\/www.pagstream.com\/en\/legal-information\/#breadcrumb\"},\"inLanguage\":\"en-US\",\"potentialAction\":[{\"@type\":\"ReadAction\",\"target\":[\"https:\/\/www.pagstream.com\/en\/legal-information\/\"]}]},{\"@type\":\"BreadcrumbList\",\"@id\":\"https:\/\/www.pagstream.com\/en\/legal-information\/#breadcrumb\",\"itemListElement\":[{\"@type\":\"ListItem\",\"position\":1,\"name\":\"Home\",\"item\":\"https:\/\/www.pagstream.com\/en\/\"},{\"@type\":\"ListItem\",\"position\":2,\"name\":\"Legal Information\"}]},{\"@type\":\"WebSite\",\"@id\":\"https:\/\/www.pagstream.com\/en\/#website\",\"url\":\"https:\/\/www.pagstream.com\/en\/\",\"name\":\"PagStream\u00ae\",\"description\":\"\",\"publisher\":{\"@id\":\"https:\/\/www.pagstream.com\/en\/#organization\"},\"potentialAction\":[{\"@type\":\"SearchAction\",\"target\":{\"@type\":\"EntryPoint\",\"urlTemplate\":\"https:\/\/www.pagstream.com\/en\/?s={search_term_string}\"},\"query-input\":\"required name=search_term_string\"}],\"inLanguage\":\"en-US\"},{\"@type\":\"Organization\",\"@id\":\"https:\/\/www.pagstream.com\/en\/#organization\",\"name\":\"PagStream\",\"alternateName\":\"PagStream | PagBrasil\",\"url\":\"https:\/\/www.pagstream.com\/en\/\",\"logo\":{\"@type\":\"ImageObject\",\"inLanguage\":\"en-US\",\"@id\":\"https:\/\/www.pagstream.com\/en\/#\/schema\/logo\/image\/\",\"url\":\"https:\/\/www.pagstream.com\/wp-content\/uploads\/2023\/05\/PagStream-0058B5.svg\",\"contentUrl\":\"https:\/\/www.pagstream.com\/wp-content\/uploads\/2023\/05\/PagStream-0058B5.svg\",\"caption\":\"PagStream\"},\"image\":{\"@id\":\"https:\/\/www.pagstream.com\/en\/#\/schema\/logo\/image\/\"}}]}<\/script>\n<!-- \/ Yoast SEO plugin. -->","yoast_head_json":{"title":"Legal Information | PagStream","robots":{"index":"index","follow":"follow","max-snippet":"max-snippet:-1","max-image-preview":"max-image-preview:large","max-video-preview":"max-video-preview:-1"},"canonical":"https:\/\/www.pagstream.com\/en\/legal-information\/","og_locale":"en_US","og_type":"article","og_title":"Legal Information | PagStream","og_description":"Legal Information Legal: PagBrasil Pagamentos Eletr\u00f4nicos Ltda. (hereinafter referred to as PagBrasil) owns the domain pagstream.com. Address: Av. Dr. Nilo Pe\u00e7anha, 1221 cj.902 Porto Alegre, RS, 91330-000, Brazil Tel. +55 51 3500-0718 PagBrasil Pagamentos Eletr\u00f4nicos Ltda. Tax Identification Number: CNPJ 14.630.124\/0001-65 Trademark Information: PagStream is a registered trademark of PagBrasil Pagamentos Eletr\u00f4nicos Ltda. in Brazil [&hellip;]","og_url":"https:\/\/www.pagstream.com\/en\/legal-information\/","og_site_name":"PagStream","article_modified_time":"2023-07-25T22:45:09+00:00","twitter_card":"summary_large_image","twitter_misc":{"Est. reading time":"1 minute"},"schema":{"@context":"https:\/\/schema.org","@graph":[{"@type":"WebPage","@id":"https:\/\/www.pagstream.com\/en\/legal-information\/","url":"https:\/\/www.pagstream.com\/en\/legal-information\/","name":"Legal Information | PagStream","isPartOf":{"@id":"https:\/\/www.pagstream.com\/en\/#website"},"datePublished":"2023-05-10T16:19:47+00:00","dateModified":"2023-07-25T22:45:09+00:00","breadcrumb":{"@id":"https:\/\/www.pagstream.com\/en\/legal-information\/#breadcrumb"},"inLanguage":"en-US","potentialAction":[{"@type":"ReadAction","target":["https:\/\/www.pagstream.com\/en\/legal-information\/"]}]},{"@type":"BreadcrumbList","@id":"https:\/\/www.pagstream.com\/en\/legal-information\/#breadcrumb","itemListElement":[{"@type":"ListItem","position":1,"name":"Home","item":"https:\/\/www.pagstream.com\/en\/"},{"@type":"ListItem","position":2,"name":"Legal Information"}]},{"@type":"WebSite","@id":"https:\/\/www.pagstream.com\/en\/#website","url":"https:\/\/www.pagstream.com\/en\/","name":"PagStream\u00ae","description":"","publisher":{"@id":"https:\/\/www.pagstream.com\/en\/#organization"},"potentialAction":[{"@type":"SearchAction","target":{"@type":"EntryPoint","urlTemplate":"https:\/\/www.pagstream.com\/en\/?s={search_term_string}"},"query-input":"required name=search_term_string"}],"inLanguage":"en-US"},{"@type":"Organization","@id":"https:\/\/www.pagstream.com\/en\/#organization","name":"PagStream","alternateName":"PagStream | PagBrasil","url":"https:\/\/www.pagstream.com\/en\/","logo":{"@type":"ImageObject","inLanguage":"en-US","@id":"https:\/\/www.pagstream.com\/en\/#\/schema\/logo\/image\/","url":"https:\/\/www.pagstream.com\/wp-content\/uploads\/2023\/05\/PagStream-0058B5.svg","contentUrl":"https:\/\/www.pagstream.com\/wp-content\/uploads\/2023\/05\/PagStream-0058B5.svg","caption":"PagStream"},"image":{"@id":"https:\/\/www.pagstream.com\/en\/#\/schema\/logo\/image\/"}}]}},"_links":{"self":[{"href":"https:\/\/www.pagstream.com\/en\/wp-json\/wp\/v2\/pages\/667"}],"collection":[{"href":"https:\/\/www.pagstream.com\/en\/wp-json\/wp\/v2\/pages"}],"about":[{"href":"https:\/\/www.pagstream.com\/en\/wp-json\/wp\/v2\/types\/page"}],"author":[{"embeddable":true,"href":"https:\/\/www.pagstream.com\/en\/wp-json\/wp\/v2\/users\/25"}],"replies":[{"embeddable":true,"href":"https:\/\/www.pagstream.com\/en\/wp-json\/wp\/v2\/comments?post=667"}],"version-history":[{"count":6,"href":"https:\/\/www.pagstream.com\/en\/wp-json\/wp\/v2\/pages\/667\/revisions"}],"predecessor-version":[{"id":964,"href":"https:\/\/www.pagstream.com\/en\/wp-json\/wp\/v2\/pages\/667\/revisions\/964"}],"wp:attachment":[{"href":"https:\/\/www.pagstream.com\/en\/wp-json\/wp\/v2\/media?parent=667"}],"curies":[{"name":"wp","href":"https:\/\/api.w.org\/{rel}","templated":true}]}}