{"id":300,"date":"2023-06-14T12:28:09","date_gmt":"2023-06-14T15:28:09","guid":{"rendered":"https:\/\/localhost:4443\/?page_id=300"},"modified":"2024-03-18T11:56:21","modified_gmt":"2024-03-18T14:56:21","slug":"motor-de-promocoes","status":"publish","type":"page","link":"https:\/\/www.pagstream.com\/pt-br\/motor-de-promocoes\/","title":{"rendered":"Motor de promo\u00e7\u00f5es"},"content":{"rendered":"","protected":false},"excerpt":{"rendered":"","protected":false},"author":25,"featured_media":0,"parent":0,"menu_order":0,"comment_status":"closed","ping_status":"closed","template":"templates\/page-template-motor-promocional.php","meta":{"footnotes":""},"acf":[],"yoast_head":"<!-- This site is optimized with the Yoast SEO plugin v21.0 - https:\/\/yoast.com\/wordpress\/plugins\/seo\/ -->\n<title>Motor de Promo\u00e7\u00f5es PagStream\u00ae: crie ofertas e aumente suas vendas<\/title>\n<meta name=\"description\" content=\"Com o motor de promo\u00e7\u00f5es do PagStream\u00ae voc\u00ea cria regras totalmente personaliz\u00e1veis e ofere\u00e7a descontos, isen\u00e7\u00f5es, brindes e muito mais. Clique e conhe\u00e7a!\" \/>\n<meta name=\"robots\" content=\"index, follow, max-snippet:-1, max-image-preview:large, max-video-preview:-1\" \/>\n<link rel=\"canonical\" href=\"https:\/\/www.pagstream.com\/pt-br\/motor-de-promocoes\/\" \/>\n<meta property=\"og:locale\" content=\"pt_BR\" \/>\n<meta property=\"og:type\" content=\"article\" \/>\n<meta property=\"og:title\" content=\"Motor de Promo\u00e7\u00f5es PagStream\u00ae: crie ofertas e aumente suas vendas\" \/>\n<meta property=\"og:description\" content=\"Com o motor de promo\u00e7\u00f5es do PagStream\u00ae voc\u00ea cria regras totalmente personaliz\u00e1veis e ofere\u00e7a descontos, isen\u00e7\u00f5es, brindes e muito mais. Clique e conhe\u00e7a!\" \/>\n<meta property=\"og:url\" content=\"https:\/\/www.pagstream.com\/pt-br\/motor-de-promocoes\/\" \/>\n<meta property=\"og:site_name\" content=\"PagStream\" \/>\n<meta property=\"article:modified_time\" content=\"2024-03-18T14:56:21+00:00\" \/>\n<meta name=\"twitter:card\" content=\"summary_large_image\" \/>\n<script type=\"application\/ld+json\" class=\"yoast-schema-graph\">{\"@context\":\"https:\/\/schema.org\",\"@graph\":[{\"@type\":\"WebPage\",\"@id\":\"https:\/\/www.pagstream.com\/pt-br\/motor-de-promocoes\/\",\"url\":\"https:\/\/www.pagstream.com\/pt-br\/motor-de-promocoes\/\",\"name\":\"Motor de Promo\u00e7\u00f5es PagStream\u00ae: crie ofertas e aumente suas vendas\",\"isPartOf\":{\"@id\":\"https:\/\/www.pagstream.com\/pt-br\/#website\"},\"datePublished\":\"2023-06-14T15:28:09+00:00\",\"dateModified\":\"2024-03-18T14:56:21+00:00\",\"description\":\"Com o motor de promo\u00e7\u00f5es do PagStream\u00ae voc\u00ea cria regras totalmente personaliz\u00e1veis e ofere\u00e7a descontos, isen\u00e7\u00f5es, brindes e muito mais. Clique e conhe\u00e7a!\",\"breadcrumb\":{\"@id\":\"https:\/\/www.pagstream.com\/pt-br\/motor-de-promocoes\/#breadcrumb\"},\"inLanguage\":\"pt-BR\",\"potentialAction\":[{\"@type\":\"ReadAction\",\"target\":[\"https:\/\/www.pagstream.com\/pt-br\/motor-de-promocoes\/\"]}]},{\"@type\":\"BreadcrumbList\",\"@id\":\"https:\/\/www.pagstream.com\/pt-br\/motor-de-promocoes\/#breadcrumb\",\"itemListElement\":[{\"@type\":\"ListItem\",\"position\":1,\"name\":\"Home\",\"item\":\"https:\/\/www.pagstream.com\/pt-br\/\"},{\"@type\":\"ListItem\",\"position\":2,\"name\":\"Motor de promo\u00e7\u00f5es\"}]},{\"@type\":\"WebSite\",\"@id\":\"https:\/\/www.pagstream.com\/pt-br\/#website\",\"url\":\"https:\/\/www.pagstream.com\/pt-br\/\",\"name\":\"PagStream\u00ae\",\"description\":\"\",\"publisher\":{\"@id\":\"https:\/\/www.pagstream.com\/pt-br\/#organization\"},\"potentialAction\":[{\"@type\":\"SearchAction\",\"target\":{\"@type\":\"EntryPoint\",\"urlTemplate\":\"https:\/\/www.pagstream.com\/pt-br\/?s={search_term_string}\"},\"query-input\":\"required name=search_term_string\"}],\"inLanguage\":\"pt-BR\"},{\"@type\":\"Organization\",\"@id\":\"https:\/\/www.pagstream.com\/pt-br\/#organization\",\"name\":\"PagStream\",\"alternateName\":\"PagStream | PagBrasil\",\"url\":\"https:\/\/www.pagstream.com\/pt-br\/\",\"logo\":{\"@type\":\"ImageObject\",\"inLanguage\":\"pt-BR\",\"@id\":\"https:\/\/www.pagstream.com\/pt-br\/#\/schema\/logo\/image\/\",\"url\":\"https:\/\/www.pagstream.com\/wp-content\/uploads\/2023\/05\/PagStream-0058B5.svg\",\"contentUrl\":\"https:\/\/www.pagstream.com\/wp-content\/uploads\/2023\/05\/PagStream-0058B5.svg\",\"caption\":\"PagStream\"},\"image\":{\"@id\":\"https:\/\/www.pagstream.com\/pt-br\/#\/schema\/logo\/image\/\"}}]}<\/script>\n<!-- \/ Yoast SEO plugin. -->","yoast_head_json":{"title":"Motor de Promo\u00e7\u00f5es PagStream\u00ae: crie ofertas e aumente suas vendas","description":"Com o motor de promo\u00e7\u00f5es do PagStream\u00ae voc\u00ea cria regras totalmente personaliz\u00e1veis e ofere\u00e7a descontos, isen\u00e7\u00f5es, brindes e muito mais. Clique e conhe\u00e7a!","robots":{"index":"index","follow":"follow","max-snippet":"max-snippet:-1","max-image-preview":"max-image-preview:large","max-video-preview":"max-video-preview:-1"},"canonical":"https:\/\/www.pagstream.com\/pt-br\/motor-de-promocoes\/","og_locale":"pt_BR","og_type":"article","og_title":"Motor de Promo\u00e7\u00f5es PagStream\u00ae: crie ofertas e aumente suas vendas","og_description":"Com o motor de promo\u00e7\u00f5es do PagStream\u00ae voc\u00ea cria regras totalmente personaliz\u00e1veis e ofere\u00e7a descontos, isen\u00e7\u00f5es, brindes e muito mais. Clique e conhe\u00e7a!","og_url":"https:\/\/www.pagstream.com\/pt-br\/motor-de-promocoes\/","og_site_name":"PagStream","article_modified_time":"2024-03-18T14:56:21+00:00","twitter_card":"summary_large_image","schema":{"@context":"https:\/\/schema.org","@graph":[{"@type":"WebPage","@id":"https:\/\/www.pagstream.com\/pt-br\/motor-de-promocoes\/","url":"https:\/\/www.pagstream.com\/pt-br\/motor-de-promocoes\/","name":"Motor de Promo\u00e7\u00f5es PagStream\u00ae: crie ofertas e aumente suas vendas","isPartOf":{"@id":"https:\/\/www.pagstream.com\/pt-br\/#website"},"datePublished":"2023-06-14T15:28:09+00:00","dateModified":"2024-03-18T14:56:21+00:00","description":"Com o motor de promo\u00e7\u00f5es do PagStream\u00ae voc\u00ea cria regras totalmente personaliz\u00e1veis e ofere\u00e7a descontos, isen\u00e7\u00f5es, brindes e muito mais. Clique e conhe\u00e7a!","breadcrumb":{"@id":"https:\/\/www.pagstream.com\/pt-br\/motor-de-promocoes\/#breadcrumb"},"inLanguage":"pt-BR","potentialAction":[{"@type":"ReadAction","target":["https:\/\/www.pagstream.com\/pt-br\/motor-de-promocoes\/"]}]},{"@type":"BreadcrumbList","@id":"https:\/\/www.pagstream.com\/pt-br\/motor-de-promocoes\/#breadcrumb","itemListElement":[{"@type":"ListItem","position":1,"name":"Home","item":"https:\/\/www.pagstream.com\/pt-br\/"},{"@type":"ListItem","position":2,"name":"Motor de promo\u00e7\u00f5es"}]},{"@type":"WebSite","@id":"https:\/\/www.pagstream.com\/pt-br\/#website","url":"https:\/\/www.pagstream.com\/pt-br\/","name":"PagStream\u00ae","description":"","publisher":{"@id":"https:\/\/www.pagstream.com\/pt-br\/#organization"},"potentialAction":[{"@type":"SearchAction","target":{"@type":"EntryPoint","urlTemplate":"https:\/\/www.pagstream.com\/pt-br\/?s={search_term_string}"},"query-input":"required name=search_term_string"}],"inLanguage":"pt-BR"},{"@type":"Organization","@id":"https:\/\/www.pagstream.com\/pt-br\/#organization","name":"PagStream","alternateName":"PagStream | PagBrasil","url":"https:\/\/www.pagstream.com\/pt-br\/","logo":{"@type":"ImageObject","inLanguage":"pt-BR","@id":"https:\/\/www.pagstream.com\/pt-br\/#\/schema\/logo\/image\/","url":"https:\/\/www.pagstream.com\/wp-content\/uploads\/2023\/05\/PagStream-0058B5.svg","contentUrl":"https:\/\/www.pagstream.com\/wp-content\/uploads\/2023\/05\/PagStream-0058B5.svg","caption":"PagStream"},"image":{"@id":"https:\/\/www.pagstream.com\/pt-br\/#\/schema\/logo\/image\/"}}]}},"_links":{"self":[{"href":"https:\/\/www.pagstream.com\/pt-br\/wp-json\/wp\/v2\/pages\/300"}],"collection":[{"href":"https:\/\/www.pagstream.com\/pt-br\/wp-json\/wp\/v2\/pages"}],"about":[{"href":"https:\/\/www.pagstream.com\/pt-br\/wp-json\/wp\/v2\/types\/page"}],"author":[{"embeddable":true,"href":"https:\/\/www.pagstream.com\/pt-br\/wp-json\/wp\/v2\/users\/25"}],"replies":[{"embeddable":true,"href":"https:\/\/www.pagstream.com\/pt-br\/wp-json\/wp\/v2\/comments?post=300"}],"version-history":[{"count":5,"href":"https:\/\/www.pagstream.com\/pt-br\/wp-json\/wp\/v2\/pages\/300\/revisions"}],"predecessor-version":[{"id":2192,"href":"https:\/\/www.pagstream.com\/pt-br\/wp-json\/wp\/v2\/pages\/300\/revisions\/2192"}],"wp:attachment":[{"href":"https:\/\/www.pagstream.com\/pt-br\/wp-json\/wp\/v2\/media?parent=300"}],"curies":[{"name":"wp","href":"https:\/\/api.w.org\/{rel}","templated":true}]}}