{"id":43,"date":"2023-05-10T13:19:47","date_gmt":"2023-05-10T16:19:47","guid":{"rendered":"https:\/\/localhost:4443\/?page_id=43"},"modified":"2024-03-18T11:57:07","modified_gmt":"2024-03-18T14:57:07","slug":"informacoes-legais","status":"publish","type":"page","link":"https:\/\/www.pagstream.com\/pt-br\/informacoes-legais\/","title":{"rendered":"Informa\u00e7\u00f5es legais"},"content":{"rendered":"<h1>Informa\u00e7\u00f5es legais<\/h1>\n<h2>Legais:<\/h2>\n<p>PagBrasil Pagamentos Eletr\u00f4nicos Ltda. (adiante designada como PagBrasil) det\u00e9m o dom\u00ednio pagstream.com.<\/p>\n<h2>Endere\u00e7o:<\/h2>\n<p>Av. Dr. Nilo Pe\u00e7anha, 1221 cj.902<br \/>\nPorto Alegre, RS, 91330-000, Brasil<br \/>\nTel. +55 51 3500-0718<\/p>\n<p>PagBrasil Pagamentos Eletr\u00f4nicos Ltda.<\/p>\n<p>CNPJ 14.630.124\/0001-65<\/p>\n<h2>Informa\u00e7\u00f5es sobre marcas registradas:<\/h2>\n<p>PagStream \u00e9 uma marca registrada da PagBrasil Pagamentos Eletr\u00f4nicos Ltda. no Brasil e em outros pa\u00edses.<\/p>\n<h2>Esclarecimentos legais:<\/h2>\n<p>Ainda que objetivemos manter todo o conte\u00fado do site com o m\u00e1ximo zelo, n\u00e3o detemos obriga\u00e7\u00f5es sobre quaisquer conte\u00fados externos. Os administradores de tais endere\u00e7os indicados s\u00e3o os \u00fanicos e exclusivos respons\u00e1veis pelo conte\u00fado de tais endere\u00e7os.<\/p>\n","protected":false},"excerpt":{"rendered":"<p>Informa\u00e7\u00f5es legais Legais: PagBrasil Pagamentos Eletr\u00f4nicos Ltda. (adiante designada como PagBrasil) det\u00e9m o dom\u00ednio pagstream.com. Endere\u00e7o: Av. Dr. Nilo Pe\u00e7anha, 1221 cj.902 Porto Alegre, RS, 91330-000, Brasil Tel. +55 51 3500-0718 PagBrasil Pagamentos Eletr\u00f4nicos Ltda. CNPJ 14.630.124\/0001-65 Informa\u00e7\u00f5es sobre marcas registradas: PagStream \u00e9 uma marca registrada da PagBrasil Pagamentos Eletr\u00f4nicos Ltda. no Brasil e em [&hellip;]<\/p>\n","protected":false},"author":25,"featured_media":0,"parent":0,"menu_order":0,"comment_status":"closed","ping_status":"closed","template":"templates\/page-template-plain-text.php","meta":{"footnotes":""},"acf":[],"yoast_head":"<!-- This site is optimized with the Yoast SEO plugin v21.0 - https:\/\/yoast.com\/wordpress\/plugins\/seo\/ -->\n<title>Informa\u00e7\u00f5es legais | PagStream<\/title>\n<meta name=\"description\" content=\"Conhe\u00e7a as informa\u00e7\u00f5es legais do PagStream\u00ae e dos servi\u00e7os PagBrasil. Acesse e confira.\" \/>\n<meta name=\"robots\" content=\"index, follow, max-snippet:-1, max-image-preview:large, max-video-preview:-1\" \/>\n<link rel=\"canonical\" href=\"https:\/\/www.pagstream.com\/pt-br\/informacoes-legais\/\" \/>\n<meta property=\"og:locale\" content=\"pt_BR\" \/>\n<meta property=\"og:type\" content=\"article\" \/>\n<meta property=\"og:title\" content=\"Informa\u00e7\u00f5es legais | PagStream\" \/>\n<meta property=\"og:description\" content=\"Conhe\u00e7a as informa\u00e7\u00f5es legais do PagStream\u00ae e dos servi\u00e7os PagBrasil. Acesse e confira.\" \/>\n<meta property=\"og:url\" content=\"https:\/\/www.pagstream.com\/pt-br\/informacoes-legais\/\" \/>\n<meta property=\"og:site_name\" content=\"PagStream\" \/>\n<meta property=\"article:modified_time\" content=\"2024-03-18T14:57:07+00:00\" \/>\n<meta name=\"twitter:card\" content=\"summary_large_image\" \/>\n<meta name=\"twitter:label1\" content=\"Est. tempo de leitura\" \/>\n\t<meta name=\"twitter:data1\" content=\"1 minuto\" \/>\n<script type=\"application\/ld+json\" class=\"yoast-schema-graph\">{\"@context\":\"https:\/\/schema.org\",\"@graph\":[{\"@type\":\"WebPage\",\"@id\":\"https:\/\/www.pagstream.com\/pt-br\/informacoes-legais\/\",\"url\":\"https:\/\/www.pagstream.com\/pt-br\/informacoes-legais\/\",\"name\":\"Informa\u00e7\u00f5es legais | PagStream\",\"isPartOf\":{\"@id\":\"https:\/\/www.pagstream.com\/pt-br\/#website\"},\"datePublished\":\"2023-05-10T16:19:47+00:00\",\"dateModified\":\"2024-03-18T14:57:07+00:00\",\"description\":\"Conhe\u00e7a as informa\u00e7\u00f5es legais do PagStream\u00ae e dos servi\u00e7os PagBrasil. Acesse e confira.\",\"breadcrumb\":{\"@id\":\"https:\/\/www.pagstream.com\/pt-br\/informacoes-legais\/#breadcrumb\"},\"inLanguage\":\"pt-BR\",\"potentialAction\":[{\"@type\":\"ReadAction\",\"target\":[\"https:\/\/www.pagstream.com\/pt-br\/informacoes-legais\/\"]}]},{\"@type\":\"BreadcrumbList\",\"@id\":\"https:\/\/www.pagstream.com\/pt-br\/informacoes-legais\/#breadcrumb\",\"itemListElement\":[{\"@type\":\"ListItem\",\"position\":1,\"name\":\"Home\",\"item\":\"https:\/\/www.pagstream.com\/pt-br\/\"},{\"@type\":\"ListItem\",\"position\":2,\"name\":\"Informa\u00e7\u00f5es legais\"}]},{\"@type\":\"WebSite\",\"@id\":\"https:\/\/www.pagstream.com\/pt-br\/#website\",\"url\":\"https:\/\/www.pagstream.com\/pt-br\/\",\"name\":\"PagStream\u00ae\",\"description\":\"\",\"publisher\":{\"@id\":\"https:\/\/www.pagstream.com\/pt-br\/#organization\"},\"potentialAction\":[{\"@type\":\"SearchAction\",\"target\":{\"@type\":\"EntryPoint\",\"urlTemplate\":\"https:\/\/www.pagstream.com\/pt-br\/?s={search_term_string}\"},\"query-input\":\"required name=search_term_string\"}],\"inLanguage\":\"pt-BR\"},{\"@type\":\"Organization\",\"@id\":\"https:\/\/www.pagstream.com\/pt-br\/#organization\",\"name\":\"PagStream\",\"alternateName\":\"PagStream | PagBrasil\",\"url\":\"https:\/\/www.pagstream.com\/pt-br\/\",\"logo\":{\"@type\":\"ImageObject\",\"inLanguage\":\"pt-BR\",\"@id\":\"https:\/\/www.pagstream.com\/pt-br\/#\/schema\/logo\/image\/\",\"url\":\"https:\/\/www.pagstream.com\/wp-content\/uploads\/2023\/05\/PagStream-0058B5.svg\",\"contentUrl\":\"https:\/\/www.pagstream.com\/wp-content\/uploads\/2023\/05\/PagStream-0058B5.svg\",\"caption\":\"PagStream\"},\"image\":{\"@id\":\"https:\/\/www.pagstream.com\/pt-br\/#\/schema\/logo\/image\/\"}}]}<\/script>\n<!-- \/ Yoast SEO plugin. -->","yoast_head_json":{"title":"Informa\u00e7\u00f5es legais | PagStream","description":"Conhe\u00e7a as informa\u00e7\u00f5es legais do PagStream\u00ae e dos servi\u00e7os PagBrasil. Acesse e confira.","robots":{"index":"index","follow":"follow","max-snippet":"max-snippet:-1","max-image-preview":"max-image-preview:large","max-video-preview":"max-video-preview:-1"},"canonical":"https:\/\/www.pagstream.com\/pt-br\/informacoes-legais\/","og_locale":"pt_BR","og_type":"article","og_title":"Informa\u00e7\u00f5es legais | PagStream","og_description":"Conhe\u00e7a as informa\u00e7\u00f5es legais do PagStream\u00ae e dos servi\u00e7os PagBrasil. Acesse e confira.","og_url":"https:\/\/www.pagstream.com\/pt-br\/informacoes-legais\/","og_site_name":"PagStream","article_modified_time":"2024-03-18T14:57:07+00:00","twitter_card":"summary_large_image","twitter_misc":{"Est. tempo de leitura":"1 minuto"},"schema":{"@context":"https:\/\/schema.org","@graph":[{"@type":"WebPage","@id":"https:\/\/www.pagstream.com\/pt-br\/informacoes-legais\/","url":"https:\/\/www.pagstream.com\/pt-br\/informacoes-legais\/","name":"Informa\u00e7\u00f5es legais | PagStream","isPartOf":{"@id":"https:\/\/www.pagstream.com\/pt-br\/#website"},"datePublished":"2023-05-10T16:19:47+00:00","dateModified":"2024-03-18T14:57:07+00:00","description":"Conhe\u00e7a as informa\u00e7\u00f5es legais do PagStream\u00ae e dos servi\u00e7os PagBrasil. Acesse e confira.","breadcrumb":{"@id":"https:\/\/www.pagstream.com\/pt-br\/informacoes-legais\/#breadcrumb"},"inLanguage":"pt-BR","potentialAction":[{"@type":"ReadAction","target":["https:\/\/www.pagstream.com\/pt-br\/informacoes-legais\/"]}]},{"@type":"BreadcrumbList","@id":"https:\/\/www.pagstream.com\/pt-br\/informacoes-legais\/#breadcrumb","itemListElement":[{"@type":"ListItem","position":1,"name":"Home","item":"https:\/\/www.pagstream.com\/pt-br\/"},{"@type":"ListItem","position":2,"name":"Informa\u00e7\u00f5es legais"}]},{"@type":"WebSite","@id":"https:\/\/www.pagstream.com\/pt-br\/#website","url":"https:\/\/www.pagstream.com\/pt-br\/","name":"PagStream\u00ae","description":"","publisher":{"@id":"https:\/\/www.pagstream.com\/pt-br\/#organization"},"potentialAction":[{"@type":"SearchAction","target":{"@type":"EntryPoint","urlTemplate":"https:\/\/www.pagstream.com\/pt-br\/?s={search_term_string}"},"query-input":"required name=search_term_string"}],"inLanguage":"pt-BR"},{"@type":"Organization","@id":"https:\/\/www.pagstream.com\/pt-br\/#organization","name":"PagStream","alternateName":"PagStream | PagBrasil","url":"https:\/\/www.pagstream.com\/pt-br\/","logo":{"@type":"ImageObject","inLanguage":"pt-BR","@id":"https:\/\/www.pagstream.com\/pt-br\/#\/schema\/logo\/image\/","url":"https:\/\/www.pagstream.com\/wp-content\/uploads\/2023\/05\/PagStream-0058B5.svg","contentUrl":"https:\/\/www.pagstream.com\/wp-content\/uploads\/2023\/05\/PagStream-0058B5.svg","caption":"PagStream"},"image":{"@id":"https:\/\/www.pagstream.com\/pt-br\/#\/schema\/logo\/image\/"}}]}},"_links":{"self":[{"href":"https:\/\/www.pagstream.com\/pt-br\/wp-json\/wp\/v2\/pages\/43"}],"collection":[{"href":"https:\/\/www.pagstream.com\/pt-br\/wp-json\/wp\/v2\/pages"}],"about":[{"href":"https:\/\/www.pagstream.com\/pt-br\/wp-json\/wp\/v2\/types\/page"}],"author":[{"embeddable":true,"href":"https:\/\/www.pagstream.com\/pt-br\/wp-json\/wp\/v2\/users\/25"}],"replies":[{"embeddable":true,"href":"https:\/\/www.pagstream.com\/pt-br\/wp-json\/wp\/v2\/comments?post=43"}],"version-history":[{"count":5,"href":"https:\/\/www.pagstream.com\/pt-br\/wp-json\/wp\/v2\/pages\/43\/revisions"}],"predecessor-version":[{"id":1437,"href":"https:\/\/www.pagstream.com\/pt-br\/wp-json\/wp\/v2\/pages\/43\/revisions\/1437"}],"wp:attachment":[{"href":"https:\/\/www.pagstream.com\/pt-br\/wp-json\/wp\/v2\/media?parent=43"}],"curies":[{"name":"wp","href":"https:\/\/api.w.org\/{rel}","templated":true}]}}