{"id":57,"date":"2023-05-10T13:22:19","date_gmt":"2023-05-10T16:22:19","guid":{"rendered":"https:\/\/localhost:4443\/?page_id=57"},"modified":"2025-07-28T16:39:59","modified_gmt":"2025-07-28T19:39:59","slug":"metodos-de-pagamento","status":"publish","type":"page","link":"https:\/\/www.pagstream.com\/pt-br\/metodos-de-pagamento\/","title":{"rendered":"M\u00e9todos de pagamento"},"content":{"rendered":"","protected":false},"excerpt":{"rendered":"","protected":false},"author":25,"featured_media":0,"parent":0,"menu_order":0,"comment_status":"closed","ping_status":"closed","template":"templates\/page-template-meios-de-pagamento.php","meta":{"footnotes":""},"acf":[],"yoast_head":"<!-- This site is optimized with the Yoast SEO plugin v21.0 - https:\/\/yoast.com\/wordpress\/plugins\/seo\/ -->\n<title>Disponibilize todos os m\u00e9todos de pagamento o PagStream<\/title>\n<meta name=\"description\" content=\"Com PagStream\u00ae voc\u00ea pode cobrar por cart\u00e3o de cr\u00e9dito, Pix, Boleto, link de pagamento e mais. Acesse e conhe\u00e7a nossos m\u00e9todos de pagamento!\" \/>\n<meta name=\"robots\" content=\"index, follow, max-snippet:-1, max-image-preview:large, max-video-preview:-1\" \/>\n<link rel=\"canonical\" href=\"https:\/\/www.pagstream.com\/pt-br\/metodos-de-pagamento\/\" \/>\n<meta property=\"og:locale\" content=\"pt_BR\" \/>\n<meta property=\"og:type\" content=\"article\" \/>\n<meta property=\"og:title\" content=\"Disponibilize todos os m\u00e9todos de pagamento o PagStream\" \/>\n<meta property=\"og:description\" content=\"Com PagStream\u00ae voc\u00ea pode cobrar por cart\u00e3o de cr\u00e9dito, Pix, Boleto, link de pagamento e mais. Acesse e conhe\u00e7a nossos m\u00e9todos de pagamento!\" \/>\n<meta property=\"og:url\" content=\"https:\/\/www.pagstream.com\/pt-br\/metodos-de-pagamento\/\" \/>\n<meta property=\"og:site_name\" content=\"PagStream\" \/>\n<meta property=\"article:modified_time\" content=\"2025-07-28T19:39:59+00:00\" \/>\n<meta name=\"twitter:card\" content=\"summary_large_image\" \/>\n<script type=\"application\/ld+json\" class=\"yoast-schema-graph\">{\"@context\":\"https:\/\/schema.org\",\"@graph\":[{\"@type\":\"WebPage\",\"@id\":\"https:\/\/www.pagstream.com\/pt-br\/metodos-de-pagamento\/\",\"url\":\"https:\/\/www.pagstream.com\/pt-br\/metodos-de-pagamento\/\",\"name\":\"Disponibilize todos os m\u00e9todos de pagamento o PagStream\",\"isPartOf\":{\"@id\":\"https:\/\/www.pagstream.com\/pt-br\/#website\"},\"datePublished\":\"2023-05-10T16:22:19+00:00\",\"dateModified\":\"2025-07-28T19:39:59+00:00\",\"description\":\"Com PagStream\u00ae voc\u00ea pode cobrar por cart\u00e3o de cr\u00e9dito, Pix, Boleto, link de pagamento e mais. Acesse e conhe\u00e7a nossos m\u00e9todos de pagamento!\",\"breadcrumb\":{\"@id\":\"https:\/\/www.pagstream.com\/pt-br\/metodos-de-pagamento\/#breadcrumb\"},\"inLanguage\":\"pt-BR\",\"potentialAction\":[{\"@type\":\"ReadAction\",\"target\":[\"https:\/\/www.pagstream.com\/pt-br\/metodos-de-pagamento\/\"]}]},{\"@type\":\"BreadcrumbList\",\"@id\":\"https:\/\/www.pagstream.com\/pt-br\/metodos-de-pagamento\/#breadcrumb\",\"itemListElement\":[{\"@type\":\"ListItem\",\"position\":1,\"name\":\"Home\",\"item\":\"https:\/\/www.pagstream.com\/pt-br\/\"},{\"@type\":\"ListItem\",\"position\":2,\"name\":\"M\u00e9todos de pagamento\"}]},{\"@type\":\"WebSite\",\"@id\":\"https:\/\/www.pagstream.com\/pt-br\/#website\",\"url\":\"https:\/\/www.pagstream.com\/pt-br\/\",\"name\":\"PagStream\u00ae\",\"description\":\"\",\"publisher\":{\"@id\":\"https:\/\/www.pagstream.com\/pt-br\/#organization\"},\"potentialAction\":[{\"@type\":\"SearchAction\",\"target\":{\"@type\":\"EntryPoint\",\"urlTemplate\":\"https:\/\/www.pagstream.com\/pt-br\/?s={search_term_string}\"},\"query-input\":\"required name=search_term_string\"}],\"inLanguage\":\"pt-BR\"},{\"@type\":\"Organization\",\"@id\":\"https:\/\/www.pagstream.com\/pt-br\/#organization\",\"name\":\"PagStream\",\"alternateName\":\"PagStream | PagBrasil\",\"url\":\"https:\/\/www.pagstream.com\/pt-br\/\",\"logo\":{\"@type\":\"ImageObject\",\"inLanguage\":\"pt-BR\",\"@id\":\"https:\/\/www.pagstream.com\/pt-br\/#\/schema\/logo\/image\/\",\"url\":\"https:\/\/www.pagstream.com\/wp-content\/uploads\/2023\/05\/PagStream-0058B5.svg\",\"contentUrl\":\"https:\/\/www.pagstream.com\/wp-content\/uploads\/2023\/05\/PagStream-0058B5.svg\",\"caption\":\"PagStream\"},\"image\":{\"@id\":\"https:\/\/www.pagstream.com\/pt-br\/#\/schema\/logo\/image\/\"}}]}<\/script>\n<!-- \/ Yoast SEO plugin. -->","yoast_head_json":{"title":"Disponibilize todos os m\u00e9todos de pagamento o PagStream","description":"Com PagStream\u00ae voc\u00ea pode cobrar por cart\u00e3o de cr\u00e9dito, Pix, Boleto, link de pagamento e mais. Acesse e conhe\u00e7a nossos m\u00e9todos de pagamento!","robots":{"index":"index","follow":"follow","max-snippet":"max-snippet:-1","max-image-preview":"max-image-preview:large","max-video-preview":"max-video-preview:-1"},"canonical":"https:\/\/www.pagstream.com\/pt-br\/metodos-de-pagamento\/","og_locale":"pt_BR","og_type":"article","og_title":"Disponibilize todos os m\u00e9todos de pagamento o PagStream","og_description":"Com PagStream\u00ae voc\u00ea pode cobrar por cart\u00e3o de cr\u00e9dito, Pix, Boleto, link de pagamento e mais. Acesse e conhe\u00e7a nossos m\u00e9todos de pagamento!","og_url":"https:\/\/www.pagstream.com\/pt-br\/metodos-de-pagamento\/","og_site_name":"PagStream","article_modified_time":"2025-07-28T19:39:59+00:00","twitter_card":"summary_large_image","schema":{"@context":"https:\/\/schema.org","@graph":[{"@type":"WebPage","@id":"https:\/\/www.pagstream.com\/pt-br\/metodos-de-pagamento\/","url":"https:\/\/www.pagstream.com\/pt-br\/metodos-de-pagamento\/","name":"Disponibilize todos os m\u00e9todos de pagamento o PagStream","isPartOf":{"@id":"https:\/\/www.pagstream.com\/pt-br\/#website"},"datePublished":"2023-05-10T16:22:19+00:00","dateModified":"2025-07-28T19:39:59+00:00","description":"Com PagStream\u00ae voc\u00ea pode cobrar por cart\u00e3o de cr\u00e9dito, Pix, Boleto, link de pagamento e mais. Acesse e conhe\u00e7a nossos m\u00e9todos de pagamento!","breadcrumb":{"@id":"https:\/\/www.pagstream.com\/pt-br\/metodos-de-pagamento\/#breadcrumb"},"inLanguage":"pt-BR","potentialAction":[{"@type":"ReadAction","target":["https:\/\/www.pagstream.com\/pt-br\/metodos-de-pagamento\/"]}]},{"@type":"BreadcrumbList","@id":"https:\/\/www.pagstream.com\/pt-br\/metodos-de-pagamento\/#breadcrumb","itemListElement":[{"@type":"ListItem","position":1,"name":"Home","item":"https:\/\/www.pagstream.com\/pt-br\/"},{"@type":"ListItem","position":2,"name":"M\u00e9todos de pagamento"}]},{"@type":"WebSite","@id":"https:\/\/www.pagstream.com\/pt-br\/#website","url":"https:\/\/www.pagstream.com\/pt-br\/","name":"PagStream\u00ae","description":"","publisher":{"@id":"https:\/\/www.pagstream.com\/pt-br\/#organization"},"potentialAction":[{"@type":"SearchAction","target":{"@type":"EntryPoint","urlTemplate":"https:\/\/www.pagstream.com\/pt-br\/?s={search_term_string}"},"query-input":"required name=search_term_string"}],"inLanguage":"pt-BR"},{"@type":"Organization","@id":"https:\/\/www.pagstream.com\/pt-br\/#organization","name":"PagStream","alternateName":"PagStream | PagBrasil","url":"https:\/\/www.pagstream.com\/pt-br\/","logo":{"@type":"ImageObject","inLanguage":"pt-BR","@id":"https:\/\/www.pagstream.com\/pt-br\/#\/schema\/logo\/image\/","url":"https:\/\/www.pagstream.com\/wp-content\/uploads\/2023\/05\/PagStream-0058B5.svg","contentUrl":"https:\/\/www.pagstream.com\/wp-content\/uploads\/2023\/05\/PagStream-0058B5.svg","caption":"PagStream"},"image":{"@id":"https:\/\/www.pagstream.com\/pt-br\/#\/schema\/logo\/image\/"}}]}},"_links":{"self":[{"href":"https:\/\/www.pagstream.com\/pt-br\/wp-json\/wp\/v2\/pages\/57"}],"collection":[{"href":"https:\/\/www.pagstream.com\/pt-br\/wp-json\/wp\/v2\/pages"}],"about":[{"href":"https:\/\/www.pagstream.com\/pt-br\/wp-json\/wp\/v2\/types\/page"}],"author":[{"embeddable":true,"href":"https:\/\/www.pagstream.com\/pt-br\/wp-json\/wp\/v2\/users\/25"}],"replies":[{"embeddable":true,"href":"https:\/\/www.pagstream.com\/pt-br\/wp-json\/wp\/v2\/comments?post=57"}],"version-history":[{"count":8,"href":"https:\/\/www.pagstream.com\/pt-br\/wp-json\/wp\/v2\/pages\/57\/revisions"}],"predecessor-version":[{"id":2460,"href":"https:\/\/www.pagstream.com\/pt-br\/wp-json\/wp\/v2\/pages\/57\/revisions\/2460"}],"wp:attachment":[{"href":"https:\/\/www.pagstream.com\/pt-br\/wp-json\/wp\/v2\/media?parent=57"}],"curies":[{"name":"wp","href":"https:\/\/api.w.org\/{rel}","templated":true}]}}