{"id":722,"date":"2023-07-20T09:59:56","date_gmt":"2023-07-20T12:59:56","guid":{"rendered":"http:\/\/pagstream-site-sandbox.pagbrasil.docker\/?page_id=722"},"modified":"2024-03-18T11:53:30","modified_gmt":"2024-03-18T14:53:30","slug":"area-do-assinante","status":"publish","type":"page","link":"https:\/\/www.pagstream.com\/pt-br\/area-do-assinante\/","title":{"rendered":"\u00c1rea do assinante"},"content":{"rendered":"","protected":false},"excerpt":{"rendered":"","protected":false},"author":25,"featured_media":0,"parent":0,"menu_order":0,"comment_status":"closed","ping_status":"closed","template":"templates\/page-template-area-assinante.php","meta":{"footnotes":""},"acf":[],"yoast_head":"<!-- This site is optimized with the Yoast SEO plugin v21.0 - https:\/\/yoast.com\/wordpress\/plugins\/seo\/ -->\n<title>D\u00ea autonomia aos seus clientes com a \u00e1rea do assinante PagStream<\/title>\n<meta name=\"description\" content=\"Na \u00c1rea do Assinante PagStream\u00ae seus clientes podem fazer altera\u00e7\u00f5es de plano e m\u00e9todo de pagamento com autonomia total. Acesse e conhe\u00e7a este recurso!\" \/>\n<meta name=\"robots\" content=\"index, follow, max-snippet:-1, max-image-preview:large, max-video-preview:-1\" \/>\n<link rel=\"canonical\" href=\"https:\/\/www.pagstream.com\/pt-br\/area-do-assinante\/\" \/>\n<meta property=\"og:locale\" content=\"pt_BR\" \/>\n<meta property=\"og:type\" content=\"article\" \/>\n<meta property=\"og:title\" content=\"D\u00ea autonomia aos seus clientes com a \u00e1rea do assinante PagStream\" \/>\n<meta property=\"og:description\" content=\"Na \u00c1rea do Assinante PagStream\u00ae seus clientes podem fazer altera\u00e7\u00f5es de plano e m\u00e9todo de pagamento com autonomia total. Acesse e conhe\u00e7a este recurso!\" \/>\n<meta property=\"og:url\" content=\"https:\/\/www.pagstream.com\/pt-br\/area-do-assinante\/\" \/>\n<meta property=\"og:site_name\" content=\"PagStream\" \/>\n<meta property=\"article:modified_time\" content=\"2024-03-18T14:53:30+00:00\" \/>\n<meta name=\"twitter:card\" content=\"summary_large_image\" \/>\n<script type=\"application\/ld+json\" class=\"yoast-schema-graph\">{\"@context\":\"https:\/\/schema.org\",\"@graph\":[{\"@type\":\"WebPage\",\"@id\":\"https:\/\/www.pagstream.com\/pt-br\/area-do-assinante\/\",\"url\":\"https:\/\/www.pagstream.com\/pt-br\/area-do-assinante\/\",\"name\":\"D\u00ea autonomia aos seus clientes com a \u00e1rea do assinante PagStream\",\"isPartOf\":{\"@id\":\"https:\/\/www.pagstream.com\/pt-br\/#website\"},\"datePublished\":\"2023-07-20T12:59:56+00:00\",\"dateModified\":\"2024-03-18T14:53:30+00:00\",\"description\":\"Na \u00c1rea do Assinante PagStream\u00ae seus clientes podem fazer altera\u00e7\u00f5es de plano e m\u00e9todo de pagamento com autonomia total. Acesse e conhe\u00e7a este recurso!\",\"breadcrumb\":{\"@id\":\"https:\/\/www.pagstream.com\/pt-br\/area-do-assinante\/#breadcrumb\"},\"inLanguage\":\"pt-BR\",\"potentialAction\":[{\"@type\":\"ReadAction\",\"target\":[\"https:\/\/www.pagstream.com\/pt-br\/area-do-assinante\/\"]}]},{\"@type\":\"BreadcrumbList\",\"@id\":\"https:\/\/www.pagstream.com\/pt-br\/area-do-assinante\/#breadcrumb\",\"itemListElement\":[{\"@type\":\"ListItem\",\"position\":1,\"name\":\"Home\",\"item\":\"https:\/\/www.pagstream.com\/pt-br\/\"},{\"@type\":\"ListItem\",\"position\":2,\"name\":\"\u00c1rea do assinante\"}]},{\"@type\":\"WebSite\",\"@id\":\"https:\/\/www.pagstream.com\/pt-br\/#website\",\"url\":\"https:\/\/www.pagstream.com\/pt-br\/\",\"name\":\"PagStream\u00ae\",\"description\":\"\",\"publisher\":{\"@id\":\"https:\/\/www.pagstream.com\/pt-br\/#organization\"},\"potentialAction\":[{\"@type\":\"SearchAction\",\"target\":{\"@type\":\"EntryPoint\",\"urlTemplate\":\"https:\/\/www.pagstream.com\/pt-br\/?s={search_term_string}\"},\"query-input\":\"required name=search_term_string\"}],\"inLanguage\":\"pt-BR\"},{\"@type\":\"Organization\",\"@id\":\"https:\/\/www.pagstream.com\/pt-br\/#organization\",\"name\":\"PagStream\",\"alternateName\":\"PagStream | PagBrasil\",\"url\":\"https:\/\/www.pagstream.com\/pt-br\/\",\"logo\":{\"@type\":\"ImageObject\",\"inLanguage\":\"pt-BR\",\"@id\":\"https:\/\/www.pagstream.com\/pt-br\/#\/schema\/logo\/image\/\",\"url\":\"https:\/\/www.pagstream.com\/wp-content\/uploads\/2023\/05\/PagStream-0058B5.svg\",\"contentUrl\":\"https:\/\/www.pagstream.com\/wp-content\/uploads\/2023\/05\/PagStream-0058B5.svg\",\"caption\":\"PagStream\"},\"image\":{\"@id\":\"https:\/\/www.pagstream.com\/pt-br\/#\/schema\/logo\/image\/\"}}]}<\/script>\n<!-- \/ Yoast SEO plugin. -->","yoast_head_json":{"title":"D\u00ea autonomia aos seus clientes com a \u00e1rea do assinante PagStream","description":"Na \u00c1rea do Assinante PagStream\u00ae seus clientes podem fazer altera\u00e7\u00f5es de plano e m\u00e9todo de pagamento com autonomia total. Acesse e conhe\u00e7a este recurso!","robots":{"index":"index","follow":"follow","max-snippet":"max-snippet:-1","max-image-preview":"max-image-preview:large","max-video-preview":"max-video-preview:-1"},"canonical":"https:\/\/www.pagstream.com\/pt-br\/area-do-assinante\/","og_locale":"pt_BR","og_type":"article","og_title":"D\u00ea autonomia aos seus clientes com a \u00e1rea do assinante PagStream","og_description":"Na \u00c1rea do Assinante PagStream\u00ae seus clientes podem fazer altera\u00e7\u00f5es de plano e m\u00e9todo de pagamento com autonomia total. Acesse e conhe\u00e7a este recurso!","og_url":"https:\/\/www.pagstream.com\/pt-br\/area-do-assinante\/","og_site_name":"PagStream","article_modified_time":"2024-03-18T14:53:30+00:00","twitter_card":"summary_large_image","schema":{"@context":"https:\/\/schema.org","@graph":[{"@type":"WebPage","@id":"https:\/\/www.pagstream.com\/pt-br\/area-do-assinante\/","url":"https:\/\/www.pagstream.com\/pt-br\/area-do-assinante\/","name":"D\u00ea autonomia aos seus clientes com a \u00e1rea do assinante PagStream","isPartOf":{"@id":"https:\/\/www.pagstream.com\/pt-br\/#website"},"datePublished":"2023-07-20T12:59:56+00:00","dateModified":"2024-03-18T14:53:30+00:00","description":"Na \u00c1rea do Assinante PagStream\u00ae seus clientes podem fazer altera\u00e7\u00f5es de plano e m\u00e9todo de pagamento com autonomia total. Acesse e conhe\u00e7a este recurso!","breadcrumb":{"@id":"https:\/\/www.pagstream.com\/pt-br\/area-do-assinante\/#breadcrumb"},"inLanguage":"pt-BR","potentialAction":[{"@type":"ReadAction","target":["https:\/\/www.pagstream.com\/pt-br\/area-do-assinante\/"]}]},{"@type":"BreadcrumbList","@id":"https:\/\/www.pagstream.com\/pt-br\/area-do-assinante\/#breadcrumb","itemListElement":[{"@type":"ListItem","position":1,"name":"Home","item":"https:\/\/www.pagstream.com\/pt-br\/"},{"@type":"ListItem","position":2,"name":"\u00c1rea do assinante"}]},{"@type":"WebSite","@id":"https:\/\/www.pagstream.com\/pt-br\/#website","url":"https:\/\/www.pagstream.com\/pt-br\/","name":"PagStream\u00ae","description":"","publisher":{"@id":"https:\/\/www.pagstream.com\/pt-br\/#organization"},"potentialAction":[{"@type":"SearchAction","target":{"@type":"EntryPoint","urlTemplate":"https:\/\/www.pagstream.com\/pt-br\/?s={search_term_string}"},"query-input":"required name=search_term_string"}],"inLanguage":"pt-BR"},{"@type":"Organization","@id":"https:\/\/www.pagstream.com\/pt-br\/#organization","name":"PagStream","alternateName":"PagStream | PagBrasil","url":"https:\/\/www.pagstream.com\/pt-br\/","logo":{"@type":"ImageObject","inLanguage":"pt-BR","@id":"https:\/\/www.pagstream.com\/pt-br\/#\/schema\/logo\/image\/","url":"https:\/\/www.pagstream.com\/wp-content\/uploads\/2023\/05\/PagStream-0058B5.svg","contentUrl":"https:\/\/www.pagstream.com\/wp-content\/uploads\/2023\/05\/PagStream-0058B5.svg","caption":"PagStream"},"image":{"@id":"https:\/\/www.pagstream.com\/pt-br\/#\/schema\/logo\/image\/"}}]}},"_links":{"self":[{"href":"https:\/\/www.pagstream.com\/pt-br\/wp-json\/wp\/v2\/pages\/722"}],"collection":[{"href":"https:\/\/www.pagstream.com\/pt-br\/wp-json\/wp\/v2\/pages"}],"about":[{"href":"https:\/\/www.pagstream.com\/pt-br\/wp-json\/wp\/v2\/types\/page"}],"author":[{"embeddable":true,"href":"https:\/\/www.pagstream.com\/pt-br\/wp-json\/wp\/v2\/users\/25"}],"replies":[{"embeddable":true,"href":"https:\/\/www.pagstream.com\/pt-br\/wp-json\/wp\/v2\/comments?post=722"}],"version-history":[{"count":5,"href":"https:\/\/www.pagstream.com\/pt-br\/wp-json\/wp\/v2\/pages\/722\/revisions"}],"predecessor-version":[{"id":1996,"href":"https:\/\/www.pagstream.com\/pt-br\/wp-json\/wp\/v2\/pages\/722\/revisions\/1996"}],"wp:attachment":[{"href":"https:\/\/www.pagstream.com\/pt-br\/wp-json\/wp\/v2\/media?parent=722"}],"curies":[{"name":"wp","href":"https:\/\/api.w.org\/{rel}","templated":true}]}}